{"id":2214,"date":"2016-10-20T09:33:56","date_gmt":"2016-10-20T02:33:56","guid":{"rendered":"http:\/\/test.sachtienganhhn.net\/?page_id=2214"},"modified":"2022-09-24T11:40:44","modified_gmt":"2022-09-24T04:40:44","slug":"cac-dich-vu","status":"publish","type":"page","link":"https:\/\/sachtienganhhn.net\/vi\/cac-dich-vu","title":{"rendered":"C\u00e1c d\u1ecbch v\u1ee5"},"content":{"rendered":"<p>Vui l\u00f2ng nh\u1ea5p v\u00e0o m\u1ed7i d\u1ecbch v\u1ee5 b\u00ean d\u01b0\u1edbi \u0111\u1ec3 xem th\u00eam<\/p>\n<p>[su_accordion]<br \/>\n[su_spoiler title=\"Cung c\u1ea5p s\u00e1ch in m\u00e0u..\" open=\"no\" style=\"default\" icon=\"plus\" anchor=\"\" anchor_in_url=\"no\" class=\"\"]<\/p>\n<p>Xem chi ti\u1ebft k\u00e8m \u1ea3nh ch\u1ee5p s\u1ea3n ph\u1ea9m\u00a0<strong><a href=\"https:\/\/sachtienganhhn.net\/vi\/su-dung-sach-in-mau\">t\u1ea1i \u0111\u00e2y<\/a><\/strong>.<br \/>\nG\u1eedi y\u00eau c\u1ea7u ho\u1eb7c g\u1ecdi\/zalo\/sms ngay ????<a href=\"tel:0347072840\"><strong>0347072840<\/strong><\/a> \u0111\u1ec3 nh\u1eadn b\u00e1o gi\u00e1 nhanh h\u01a1n!<div class=\"wpforms-container wpforms-container-full\" id=\"wpforms-12109\"><form id=\"wpforms-form-12109\" class=\"wpforms-validate wpforms-form\" data-formid=\"12109\" method=\"post\" enctype=\"multipart\/form-data\" action=\"\/vi\/wp-json\/wp\/v2\/pages\/2214\" data-token=\"e752197e6b2d3caa3f834eb2f0237aa4\"><noscript class=\"wpforms-error-noscript\">Please enable JavaScript in your browser to complete this form.<\/noscript><div class=\"wpforms-field-container\"><div id=\"wpforms-12109-field_0-container\" class=\"wpforms-field wpforms-field-name\" data-field-id=\"0\"><label class=\"wpforms-field-label\" for=\"wpforms-12109-field_0\">Name <span class=\"wpforms-required-label\">*<\/span><\/label><input type=\"text\" id=\"wpforms-12109-field_0\" class=\"wpforms-field-medium wpforms-field-required\" name=\"wpforms[fields][0]\" required><\/div><div id=\"wpforms-12109-field_2-container\" class=\"wpforms-field wpforms-field-email\" data-field-id=\"2\"><label class=\"wpforms-field-label\" for=\"wpforms-12109-field_2\">Email <span class=\"wpforms-required-label\">*<\/span><\/label><input type=\"email\" id=\"wpforms-12109-field_2\" class=\"wpforms-field-medium wpforms-field-required\" name=\"wpforms[fields][2]\" spellcheck=\"false\" required><\/div><div id=\"wpforms-12109-field_3-container\" class=\"wpforms-field wpforms-field-phone\" data-field-id=\"3\"><label class=\"wpforms-field-label\" for=\"wpforms-12109-field_3\">Phone <span class=\"wpforms-required-label\">*<\/span><\/label><input type=\"tel\" id=\"wpforms-12109-field_3\" class=\"wpforms-field-medium wpforms-field-required wpforms-smart-phone-field\" data-rule-smart-phone-field=\"true\" name=\"wpforms[fields][3]\" required><\/div><div id=\"wpforms-12109-field_5-container\" class=\"wpforms-field wpforms-field-textarea\" data-field-id=\"5\"><label class=\"wpforms-field-label\" for=\"wpforms-12109-field_5\">N\u00f4\u0323i dung tin nh\u0103\u0301n <span class=\"wpforms-required-label\">*<\/span><\/label><textarea id=\"wpforms-12109-field_5\" class=\"wpforms-field-medium wpforms-field-required wpforms-limit-characters-enabled\" data-form-id=\"12109\" data-field-id=\"5\" data-text-limit=\"500\" name=\"wpforms[fields][5]\" maxlength=\"500\" required>Your IP: 216.73.216.167 - Vui l\u00f2ng ghi t\u00ean s\u00e1ch k\u00e8m s\u1ed1 l\u01b0\u1ee3ng b\u1ea1n c\u1ea7n t\u1ea1i \u0111\u00e2y c\u00f9ng c\u00e1c ghi ch\u00fa kh\u00e1c<\/textarea><div class=\"wpforms-field-description\">(Kh\u00e1ch h\u00e0ng m\u1edbi \u0111\u1eb7t in s\u1ed1 l\u01b0\u1ee3ng vui l\u00f2ng ghi r\u00f5 \u0111\u1ec3 \u00e1p d\u1ee5ng ch\u01b0\u01a1ng tr\u00ecnh ri\u00eang)<\/div><\/div><\/div><!-- .wpforms-field-container --><div class=\"wpforms-recaptcha-container wpforms-is-recaptcha wpforms-is-recaptcha-type-v2\" ><div class=\"g-recaptcha\" data-sitekey=\"6Lezl4wdAAAAAMxvIQG6Iw0s6DloLaGMhvHSTarH\"><\/div><input type=\"text\" name=\"g-recaptcha-hidden\" class=\"wpforms-recaptcha-hidden\" style=\"position:absolute!important;clip:rect(0,0,0,0)!important;height:1px!important;width:1px!important;border:0!important;overflow:hidden!important;padding:0!important;margin:0!important;\" data-rule-recaptcha=\"1\"><\/div><div class=\"wpforms-submit-container\" ><input type=\"hidden\" name=\"wpforms[id]\" value=\"12109\"><input type=\"hidden\" name=\"wpforms[author]\" value=\"1\"><button type=\"submit\" name=\"wpforms[submit]\" id=\"wpforms-submit-12109\" class=\"wpforms-submit\" data-alt-text=\"\u0110ang g\u1eedi\" data-submit-text=\"G\u1eedi y\u00eau c\u1ea7u\" aria-live=\"assertive\" value=\"wpforms-submit\">G\u1eedi y\u00eau c\u1ea7u<\/button><\/div><\/form><\/div>  <!-- .wpforms-container --><\/p>\n<p>[\/su_spoiler]<br \/>\n[su_spoiler title=\"T\u1ea3i xu\u1ed1ng n\u1ed9i dung..\" open=\"no\" style=\"default\" icon=\"plus\" anchor=\"\" anchor_in_url=\"no\" class=\"\"]<\/p>\n<p>D\u1ecbch v\u1ee5 cung c\u1ea5p n\u1ed9i dung t\u1eebng file pdf, t\u1eebng \u0111\u0129a audio cd.. qua ch\u1ee9c n\u0103ng t\u1ea3i xu\u1ed1ng s\u1ea3n ph\u1ea9m ri\u00eang l\u1ebb.<br \/>\nNh\u1ea5p v\u00e0o <a href=\"https:\/\/sachtienganhhn.net\/vi\/tai-xuong-san-pham-rieng-le-ebook-pdf-audio-cd-video-clip\">li\u00ean k\u1ebft<\/a> \u0111\u1ec3 xem chi ti\u1ebft. (L\u01b0u \u00fd: Qu\u00e1 tr\u00ecnh thanh to\u00e1n t\u1ea1i web vnafood.com)<\/p>\n<p>[\/su_spoiler]<br \/>\n[su_spoiler title=\"M\u00e1y chi\u1ebfu n\u1ed9i dung pdf online..\" open=\"no\" style=\"default\" icon=\"plus\" anchor=\"\" anchor_in_url=\"no\" class=\"\"]<\/p>\n<p>Tr\u00ecnh di\u1ec5n n\u1ed9i dung pdf nh\u01b0 b\u00ean d\u01b0\u1edbi (l\u1eadt 3D) nh\u01b0ng v\u1edbi ch\u1ebf \u0111\u1ed9 m\u00e0n h\u00ecnh r\u1ed9ng<iframe loading=\"lazy\" title=\"content-project\" src=\"https:\/\/orientbook.net\/academy-stars-starter-alphabet-book-2\" width=\"100%\" height=\"340px\" scrolling=\"no\"><\/iframe><br \/>\nNh\u1ea5p v\u00e0o <a href=\"https:\/\/sachtienganhhn.net\/vi\/cac-goi-may-chieu-sach-lat-hieu-ung-3d\">li\u00ean k\u1ebft<\/a> \u0111\u1ec3 xem chi ti\u1ebft.\u00a0(L\u01b0u \u00fd: Qu\u00e1 tr\u00ecnh thanh to\u00e1n t\u1ea1i web vnafood.com)<\/p>\n<p>[\/su_spoiler]<br \/>\n[\/su_accordion]<\/p>\n","protected":false},"excerpt":{"rendered":"<p>Vui l\u00f2ng nh\u1ea5p v\u00e0o m\u1ed7i d\u1ecbch v\u1ee5 b\u00ean d\u01b0\u1edbi \u0111\u1ec3 xem th\u00eam [su_accordion] [su_spoiler title=&#8221;Cung c\u1ea5p s\u00e1ch in m\u00e0u..&#8221; open=&#8221;no&#8221; style=&#8221;default&#8221; icon=&#8221;plus&#8221; anchor=&#8221;&#8221; anchor_in_url=&#8221;no&#8221; class=&#8221;&#8221;] Xem chi ti\u1ebft k\u00e8m \u1ea3nh ch\u1ee5p s\u1ea3n ph\u1ea9m\u00a0t\u1ea1i \u0111\u00e2y. G\u1eedi y\u00eau c\u1ea7u ho\u1eb7c g\u1ecdi\/zalo\/sms ngay ????0347072840 \u0111\u1ec3 nh\u1eadn b\u00e1o gi\u00e1 nhanh h\u01a1n! [\/su_spoiler] [su_spoiler title=&#8221;T\u1ea3i xu\u1ed1ng n\u1ed9i dung..&#8221; open=&#8221;no&#8221; style=&#8221;default&#8221;&#8230;<\/p>\n","protected":false},"author":1,"featured_media":2215,"parent":0,"menu_order":0,"comment_status":"closed","ping_status":"closed","template":"","meta":{"_kad_blocks_custom_css":"","_kad_blocks_head_custom_js":"","_kad_blocks_body_custom_js":"","_kad_blocks_footer_custom_js":"","_kad_post_transparent":"","_kad_post_title":"","_kad_post_layout":"","_kad_post_sidebar_id":"","_kad_post_content_style":"","_kad_post_vertical_padding":"","_kad_post_feature":"","_kad_post_feature_position":"","_kad_post_header":false,"_kad_post_footer":false,"_kad_post_classname":"","footnotes":""},"class_list":["post-2214","page","type-page","status-publish","has-post-thumbnail","hentry"],"taxonomy_info":[],"featured_image_src_large":["https:\/\/sachtienganhhn.net\/wp-content\/uploads\/2016\/10\/Kids-Box-1-Pupils-Book-1.jpg",900,550,false],"author_info":{"display_name":"76nlonghung","author_link":"https:\/\/sachtienganhhn.net\/vi\/author\/nlonghung"},"comment_info":0,"_links":{"self":[{"href":"https:\/\/sachtienganhhn.net\/vi\/wp-json\/wp\/v2\/pages\/2214","targetHints":{"allow":["GET"]}}],"collection":[{"href":"https:\/\/sachtienganhhn.net\/vi\/wp-json\/wp\/v2\/pages"}],"about":[{"href":"https:\/\/sachtienganhhn.net\/vi\/wp-json\/wp\/v2\/types\/page"}],"author":[{"embeddable":true,"href":"https:\/\/sachtienganhhn.net\/vi\/wp-json\/wp\/v2\/users\/1"}],"replies":[{"embeddable":true,"href":"https:\/\/sachtienganhhn.net\/vi\/wp-json\/wp\/v2\/comments?post=2214"}],"version-history":[{"count":0,"href":"https:\/\/sachtienganhhn.net\/vi\/wp-json\/wp\/v2\/pages\/2214\/revisions"}],"wp:featuredmedia":[{"embeddable":true,"href":"https:\/\/sachtienganhhn.net\/vi\/wp-json\/wp\/v2\/media\/2215"}],"wp:attachment":[{"href":"https:\/\/sachtienganhhn.net\/vi\/wp-json\/wp\/v2\/media?parent=2214"}],"curies":[{"name":"wp","href":"https:\/\/api.w.org\/{rel}","templated":true}]}}