{"id":16849,"date":"2018-12-05T08:09:35","date_gmt":"2018-12-05T01:09:35","guid":{"rendered":"https:\/\/test.sachtienganhhn.net\/su-dung-sach-in-mau"},"modified":"2026-01-23T12:52:21","modified_gmt":"2026-01-23T05:52:21","slug":"su-dung-sach-in-mau","status":"publish","type":"page","link":"https:\/\/sachtienganhhn.net\/vi\/su-dung-sach-in-mau","title":{"rendered":"S\u1eed d\u1ee5ng sa\u0301ch in ma\u0300u"},"content":{"rendered":"\n<div class=\"wp-block-media-text is-stacked-on-mobile has-small-font-size\" style=\"margin-top:0;margin-right:0;margin-bottom:0px;margin-left:0;padding-top:0;padding-right:0;padding-bottom:0;padding-left:0;grid-template-columns:40% auto\"><figure class=\"wp-block-media-text__media\"><img decoding=\"async\" src=\"https:\/\/sachtienganhhn.net\/wp-content\/uploads\/sach-in-mau\/sach-in-mau-1.jpg\" alt=\"S\u00e1ch ti\u1ebfng anh in m\u00e0u\" class=\"wp-image-20272 size-full\" title=\"\"><\/figure><div class=\"wp-block-media-text__content\">\n<p style=\"margin-right:0;margin-left:0;padding-right:0;padding-left:0;font-size:16px\">S\u1eed d\u1ee5ng s\u00e1ch in m\u00e0u gi\u00fap ti\u1ebft ki\u1ec7m t\u1eeb 50% \u0111\u1ebfn 70% so v\u1edbi s\u00e1ch g\u1ed1c. S\u00e1ch \u0111\u01b0\u1ee3c in tr\u00ean gi\u1ea5y tr\u1eafng, nh\u1eadp kh\u1ea9u Th\u00e1i Lan c\u00f3 \u0111\u1ed9 tr\u1eafng \u0111\u1ea1t chu\u1ea9n kh\u00f4ng b\u1ecb l\u00f3a, gia c\u00f4ng \u0111\u00f3ng g\u00e1y b\u1eb1ng m\u00e1y keo nhi\u1ec7t v\u1edbi b\u00eca d\u00e0y, b\u00f3ng v\u00e0 c\u00f3 c\u00e1n m\u00e0ng nilon v\u1eeba \u0111\u1ec3 b\u1ea3o v\u1ec7 v\u1eeba l\u00e0m \u0111\u1eb9p cu\u1ed1n s\u00e1ch.<\/p>\n\n\n\n<p style=\"padding-right:0;padding-left:0;font-size:16px\">Do s\u00e1ch in m\u1ea7u l\u00e0 l\u1ef1a ch\u1ecdn h\u01a1\u0323p ly\u0301 n\u00ean trong g\u1ea7n 10 n\u0103m qua chu\u0301ng t\u00f4i \u0111a\u0303 phu\u0323c vu\u0323 ha\u0300ng nghi\u0300n l\u01a1\u0301p ho\u0323c. Nhi\u00ea\u0300u ho\u0323c sinh \u0111\u01b0\u01a1\u0323c ho\u0323c ti\u00ea\u0301ng anh qua nh\u01b0\u0303ng gia\u0301o tri\u0300nh n\u01b0\u01a1\u0301c ngoa\u0300i hay nh\u00e2\u0301t v\u01a1\u0301i chi phi\u0301 ti\u00ea\u0301t ki\u00ea\u0323m trong nhi\u00ea\u0300u n\u0103m li\u00ea\u0300n la\u0300 m\u00f4\u0323t trong nh\u01b0\u0303ng \u01b0u \u0111i\u00ea\u0309m n\u00f4\u0309i b\u00e2\u0323t.<\/p>\n\n\n\n<p style=\"font-size:16px\">Quy tr\u00ecnh s\u1ea3n xu\u1ea5t: in ru\u1ed9t, in b\u00eca; c\u00e1n m\u00e0ng b\u00eca s\u00e1ch; \u00e9p b\u00eca v\u00e0o g\u00e1y ru\u1ed9t s\u00e1ch v\u1edbi keo d\u00ednh n\u00f3ng ch\u1ea3y, x\u00e9n g\u1ecdn 3 c\u1ea1nh (b\u1ea1n xem th\u00eam m\u1ed9t s\u1ed1 \u1ea3nh ch\u1ee5p s\u1ea3n ph\u1ea9m b\u00ean d\u01b0\u1edbi form li\u00ean h\u1ec7)<\/p>\n<\/div><\/div>\n\n\n\n<p>Nh\u1eafn tin <a href=\"http:\/\/zalo.me\/0945375808\" target=\"_blank\" rel=\"noopener\"><strong><em>zalo<\/em><\/strong><\/a> ho\u1eb7c call\/sms ngay t\u1edbi s\u1ed1 <a href=\"tel:0945375808\"><strong>0945375808<\/strong><\/a> \u0111\u1ec3 nh\u1eadn b\u00e1o gi\u00e1 ch\u00ednh x\u00e1c!<\/p>\n\n\n<style>.kb-row-layout-id16849_4a5b58-b9 > .kt-row-column-wrap{align-content:start;}:where(.kb-row-layout-id16849_4a5b58-b9 > .kt-row-column-wrap) > .wp-block-kadence-column{justify-content:start;}.kb-row-layout-id16849_4a5b58-b9 > .kt-row-column-wrap{column-gap:var(--global-kb-gap-md, 2rem);row-gap:var(--global-kb-gap-md, 2rem);padding-top:var(--global-kb-spacing-xxs, 0.5rem);padding-bottom:var(--global-kb-spacing-xxs, 0.5rem);}.kb-row-layout-id16849_4a5b58-b9 > .kt-row-column-wrap > div:not(.added-for-specificity){grid-column:initial;}.kb-row-layout-id16849_4a5b58-b9 > .kt-row-column-wrap{grid-template-columns:repeat(3, minmax(0, 1fr));}.kb-row-layout-id16849_4a5b58-b9 > .kt-row-layout-overlay{opacity:0.30;}@media all and (max-width: 1024px){.kb-row-layout-id16849_4a5b58-b9 > .kt-row-column-wrap > div:not(.added-for-specificity){grid-column:initial;}}@media all and (max-width: 1024px){.kb-row-layout-id16849_4a5b58-b9 > .kt-row-column-wrap{grid-template-columns:repeat(3, minmax(0, 1fr));}}@media all and (max-width: 767px){.kb-row-layout-id16849_4a5b58-b9 > .kt-row-column-wrap > div:not(.added-for-specificity){grid-column:initial;}.kb-row-layout-id16849_4a5b58-b9 > .kt-row-column-wrap{grid-template-columns:minmax(0, 1fr);}}<\/style><div class=\"kb-row-layout-wrap kb-row-layout-id16849_4a5b58-b9 alignnone wp-block-kadence-rowlayout\"><div class=\"kt-row-column-wrap kt-has-3-columns kt-row-layout-equal kt-tab-layout-inherit kt-mobile-layout-row kt-row-valign-top\">\n<style>.kadence-column16849_453d91-b4 > .kt-inside-inner-col{display:flex;}.kadence-column16849_453d91-b4 > .kt-inside-inner-col,.kadence-column16849_453d91-b4 > .kt-inside-inner-col:before{border-top-left-radius:0px;border-top-right-radius:0px;border-bottom-right-radius:0px;border-bottom-left-radius:0px;}.kadence-column16849_453d91-b4 > .kt-inside-inner-col{column-gap:var(--global-kb-gap-sm, 1rem);}.kadence-column16849_453d91-b4 > .kt-inside-inner-col{flex-direction:column;align-items:center;}.kadence-column16849_453d91-b4 > .kt-inside-inner-col > .kb-image-is-ratio-size{align-self:stretch;}.kadence-column16849_453d91-b4 > .kt-inside-inner-col > .wp-block-kadence-advancedgallery{align-self:stretch;}.kadence-column16849_453d91-b4 > .kt-inside-inner-col > .aligncenter{width:100%;}.kadence-column16849_453d91-b4 > .kt-inside-inner-col:before{opacity:0.3;}.kadence-column16849_453d91-b4{position:relative;}@media all and (max-width: 1024px){.kadence-column16849_453d91-b4 > .kt-inside-inner-col{flex-direction:column;justify-content:center;align-items:center;}}@media all and (max-width: 767px){.kadence-column16849_453d91-b4 > .kt-inside-inner-col{flex-direction:column;justify-content:center;align-items:center;}}<\/style>\n<div class=\"wp-block-kadence-column kadence-column16849_453d91-b4\"><div class=\"kt-inside-inner-col\">\n<figure class=\"wp-block-image size-full\"><a href=\"https:\/\/zalo.me\/0945375808\" target=\"_blank\" rel=\"noopener\"><img loading=\"lazy\" decoding=\"async\" width=\"40\" height=\"40\" src=\"https:\/\/sachtienganhhn.net\/wp-content\/uploads\/2024\/08\/zalo40.png\" alt=\"zalo40\" class=\"wp-image-21364\" title=\"\"><\/a><\/figure>\n<\/div><\/div>\n\n\n<style>.kadence-column16849_aeafbb-28 > .kt-inside-inner-col{display:flex;}.kadence-column16849_aeafbb-28 > .kt-inside-inner-col,.kadence-column16849_aeafbb-28 > .kt-inside-inner-col:before{border-top-left-radius:0px;border-top-right-radius:0px;border-bottom-right-radius:0px;border-bottom-left-radius:0px;}.kadence-column16849_aeafbb-28 > .kt-inside-inner-col{column-gap:var(--global-kb-gap-sm, 1rem);}.kadence-column16849_aeafbb-28 > .kt-inside-inner-col{flex-direction:column;align-items:center;}.kadence-column16849_aeafbb-28 > .kt-inside-inner-col > .kb-image-is-ratio-size{align-self:stretch;}.kadence-column16849_aeafbb-28 > .kt-inside-inner-col > .wp-block-kadence-advancedgallery{align-self:stretch;}.kadence-column16849_aeafbb-28 > .kt-inside-inner-col > .aligncenter{width:100%;}.kadence-column16849_aeafbb-28 > .kt-inside-inner-col:before{opacity:0.3;}.kadence-column16849_aeafbb-28{position:relative;}@media all and (max-width: 1024px){.kadence-column16849_aeafbb-28 > .kt-inside-inner-col{flex-direction:column;justify-content:center;align-items:center;}}@media all and (max-width: 767px){.kadence-column16849_aeafbb-28 > .kt-inside-inner-col{flex-direction:column;justify-content:center;align-items:center;}}<\/style>\n<div class=\"wp-block-kadence-column kadence-column16849_aeafbb-28\"><div class=\"kt-inside-inner-col\">\n<figure class=\"wp-block-image size-full\"><a href=\"https:\/\/m.me\/giamoi.du\"><img loading=\"lazy\" decoding=\"async\" width=\"40\" height=\"40\" src=\"https:\/\/sachtienganhhn.net\/wp-content\/uploads\/2024\/08\/mesenger40.png\" alt=\"mesenger40\" class=\"wp-image-21368\" title=\"\"><\/a><\/figure>\n<\/div><\/div>\n\n\n<style>.kadence-column16849_340c34-20 > .kt-inside-inner-col{display:flex;}.kadence-column16849_340c34-20 > .kt-inside-inner-col,.kadence-column16849_340c34-20 > .kt-inside-inner-col:before{border-top-left-radius:0px;border-top-right-radius:0px;border-bottom-right-radius:0px;border-bottom-left-radius:0px;}.kadence-column16849_340c34-20 > .kt-inside-inner-col{column-gap:var(--global-kb-gap-sm, 1rem);}.kadence-column16849_340c34-20 > .kt-inside-inner-col{flex-direction:column;align-items:center;}.kadence-column16849_340c34-20 > .kt-inside-inner-col > .kb-image-is-ratio-size{align-self:stretch;}.kadence-column16849_340c34-20 > .kt-inside-inner-col > .wp-block-kadence-advancedgallery{align-self:stretch;}.kadence-column16849_340c34-20 > .kt-inside-inner-col > .aligncenter{width:100%;}.kadence-column16849_340c34-20 > .kt-inside-inner-col:before{opacity:0.3;}.kadence-column16849_340c34-20{position:relative;}@media all and (max-width: 1024px){.kadence-column16849_340c34-20 > .kt-inside-inner-col{flex-direction:column;justify-content:center;align-items:center;}}@media all and (max-width: 767px){.kadence-column16849_340c34-20 > .kt-inside-inner-col{flex-direction:column;justify-content:center;align-items:center;}}<\/style>\n<div class=\"wp-block-kadence-column kadence-column16849_340c34-20\"><div class=\"kt-inside-inner-col\">\n<figure class=\"wp-block-image size-full\"><a href=\"tel:+84945375808\"><img loading=\"lazy\" decoding=\"async\" width=\"40\" height=\"40\" src=\"https:\/\/sachtienganhhn.net\/wp-content\/uploads\/2024\/08\/phone40.png\" alt=\"phone40\" class=\"wp-image-21366\" title=\"\"><\/a><\/figure>\n<\/div><\/div>\n\n<\/div><\/div>\n\n\n<p>Ho\u1eb7c b\u1ea1n g\u1eedi tin nh\u1eafn qua bi\u1ec3u m\u1eabu d\u01b0\u1edbi \u0111\u00e2y.<\/p>\n","protected":false},"excerpt":{"rendered":"<p>S\u1eed d\u1ee5ng s\u00e1ch in m\u00e0u gi\u00fap ti\u1ebft ki\u1ec7m t\u1eeb 50% \u0111\u1ebfn 70% so v\u1edbi s\u00e1ch g\u1ed1c. S\u00e1ch \u0111\u01b0\u1ee3c in tr\u00ean gi\u1ea5y tr\u1eafng, nh\u1eadp kh\u1ea9u Th\u00e1i Lan c\u00f3 \u0111\u1ed9 tr\u1eafng \u0111\u1ea1t chu\u1ea9n kh\u00f4ng b\u1ecb l\u00f3a, gia c\u00f4ng \u0111\u00f3ng g\u00e1y b\u1eb1ng m\u00e1y keo nhi\u1ec7t v\u1edbi b\u00eca d\u00e0y, b\u00f3ng v\u00e0 c\u00f3 c\u00e1n m\u00e0ng nilon v\u1eeba \u0111\u1ec3 b\u1ea3o v\u1ec7&#8230;<\/p>\n","protected":false},"author":13878,"featured_media":0,"parent":0,"menu_order":0,"comment_status":"closed","ping_status":"closed","template":"","meta":{"_kad_blocks_custom_css":"","_kad_blocks_head_custom_js":"","_kad_blocks_body_custom_js":"","_kad_blocks_footer_custom_js":"","_kad_post_transparent":"","_kad_post_title":"","_kad_post_layout":"","_kad_post_sidebar_id":"","_kad_post_content_style":"","_kad_post_vertical_padding":"","_kad_post_feature":"","_kad_post_feature_position":"","_kad_post_header":false,"_kad_post_footer":false,"_kad_post_classname":"","footnotes":""},"class_list":["post-16849","page","type-page","status-publish","hentry"],"taxonomy_info":[],"featured_image_src_large":false,"author_info":{"display_name":"ebook4yle@","author_link":"https:\/\/sachtienganhhn.net\/vi\/author\/infoebook4yle-com"},"comment_info":0,"_links":{"self":[{"href":"https:\/\/sachtienganhhn.net\/vi\/wp-json\/wp\/v2\/pages\/16849","targetHints":{"allow":["GET"]}}],"collection":[{"href":"https:\/\/sachtienganhhn.net\/vi\/wp-json\/wp\/v2\/pages"}],"about":[{"href":"https:\/\/sachtienganhhn.net\/vi\/wp-json\/wp\/v2\/types\/page"}],"author":[{"embeddable":true,"href":"https:\/\/sachtienganhhn.net\/vi\/wp-json\/wp\/v2\/users\/13878"}],"replies":[{"embeddable":true,"href":"https:\/\/sachtienganhhn.net\/vi\/wp-json\/wp\/v2\/comments?post=16849"}],"version-history":[{"count":0,"href":"https:\/\/sachtienganhhn.net\/vi\/wp-json\/wp\/v2\/pages\/16849\/revisions"}],"wp:attachment":[{"href":"https:\/\/sachtienganhhn.net\/vi\/wp-json\/wp\/v2\/media?parent=16849"}],"curies":[{"name":"wp","href":"https:\/\/api.w.org\/{rel}","templated":true}]}}