{"id":16817,"date":"2017-03-31T23:27:01","date_gmt":"2017-03-31T16:27:01","guid":{"rendered":"https:\/\/test.sachtienganhhn.net\/cac-goi-may-chieu-sach-lat-hieu-ung-3d"},"modified":"2024-10-28T09:36:50","modified_gmt":"2024-10-28T02:36:50","slug":"cac-goi-may-chieu-sach-lat-hieu-ung-3d","status":"publish","type":"page","link":"https:\/\/sachtienganhhn.net\/vi\/cac-goi-may-chieu-sach-lat-hieu-ung-3d","title":{"rendered":"C\u00e1c g\u00f3i m\u00e1y chi\u1ebfu s\u00e1ch l\u1eadt hi\u1ec7u \u1ee9ng 3D"},"content":{"rendered":"<p style=\"text-align: center;\">Tr\u00ecnh chi\u1ebfu pdf ki\u1ec3u 2 trang l\u1eadt 3D<br \/>\n<iframe loading=\"lazy\" title=\"content-project\" src=\"https:\/\/orientbook.net\/academy-stars-starter-alphabet-book-2\" width=\"100%\" height=\"400px\" scrolling=\"no\"><span data-mce-type=\"bookmark\" style=\"display: inline-block; width: 0px; overflow: hidden; line-height: 0;\" class=\"mce_SELRES_start\">\ufeff<\/span><\/iframe><\/p>\n<p style=\"text-align: center;\">Tr\u00ecnh chi\u1ebfu pdf ki\u1ec3u 1 trang cu\u1ed9n<br \/>\n<iframe loading=\"lazy\" title=\"content-project\" src=\"https:\/\/orientbook.net\/academy-stars-starter-alphabet-book\" width=\"99%\" height=\"750px\" scrolling=\"no\"><span data-mce-type=\"bookmark\" style=\"display: inline-block; width: 0px; overflow: hidden; line-height: 0;\" class=\"mce_SELRES_start\">\ufeff<\/span><\/iframe><\/p>\n<div id=\"F3D2E0DA_733B_3506_AFCE_8F488D930319\"><\/div>\n","protected":false},"excerpt":{"rendered":"<p>Tr\u00ecnh chi\u1ebfu pdf ki\u1ec3u 2 trang l\u1eadt 3D \ufeff Tr\u00ecnh chi\u1ebfu pdf ki\u1ec3u 1 trang cu\u1ed9n \ufeff<\/p>\n","protected":false},"author":1,"featured_media":0,"parent":0,"menu_order":0,"comment_status":"closed","ping_status":"closed","template":"","meta":{"_kad_blocks_custom_css":"","_kad_blocks_head_custom_js":"","_kad_blocks_body_custom_js":"","_kad_blocks_footer_custom_js":"","_kad_post_transparent":"","_kad_post_title":"","_kad_post_layout":"","_kad_post_sidebar_id":"","_kad_post_content_style":"","_kad_post_vertical_padding":"","_kad_post_feature":"","_kad_post_feature_position":"","_kad_post_header":false,"_kad_post_footer":false,"_kad_post_classname":"","footnotes":""},"class_list":["post-16817","page","type-page","status-publish","hentry"],"taxonomy_info":[],"featured_image_src_large":false,"author_info":{"display_name":"76nlonghung","author_link":"https:\/\/sachtienganhhn.net\/vi\/author\/nlonghung"},"comment_info":0,"_links":{"self":[{"href":"https:\/\/sachtienganhhn.net\/vi\/wp-json\/wp\/v2\/pages\/16817","targetHints":{"allow":["GET"]}}],"collection":[{"href":"https:\/\/sachtienganhhn.net\/vi\/wp-json\/wp\/v2\/pages"}],"about":[{"href":"https:\/\/sachtienganhhn.net\/vi\/wp-json\/wp\/v2\/types\/page"}],"author":[{"embeddable":true,"href":"https:\/\/sachtienganhhn.net\/vi\/wp-json\/wp\/v2\/users\/1"}],"replies":[{"embeddable":true,"href":"https:\/\/sachtienganhhn.net\/vi\/wp-json\/wp\/v2\/comments?post=16817"}],"version-history":[{"count":0,"href":"https:\/\/sachtienganhhn.net\/vi\/wp-json\/wp\/v2\/pages\/16817\/revisions"}],"wp:attachment":[{"href":"https:\/\/sachtienganhhn.net\/vi\/wp-json\/wp\/v2\/media?parent=16817"}],"curies":[{"name":"wp","href":"https:\/\/api.w.org\/{rel}","templated":true}]}}