{"id":16797,"date":"2017-02-04T15:45:15","date_gmt":"2017-02-04T08:45:15","guid":{"rendered":"https:\/\/test.sachtienganhhn.net\/tai-xuong-san-pham-rieng-le-ebook-pdf-audio-cd-video-clip"},"modified":"2022-08-30T23:29:02","modified_gmt":"2022-08-30T16:29:02","slug":"tai-xuong-san-pham-rieng-le-ebook-pdf-audio-cd-video-clip","status":"publish","type":"page","link":"https:\/\/sachtienganhhn.net\/vi\/tai-xuong-san-pham-rieng-le-ebook-pdf-audio-cd-video-clip","title":{"rendered":"T\u1ea3i xu\u1ed1ng s\u1ea3n ph\u1ea9m ri\u00eang l\u1ebb (ebook pdf; audio cd, video clip)"},"content":{"rendered":"<p>\u0110\u1ec3 tr\u00e1nh \u1ea3nh h\u01b0\u1edfng b\u1edfi qu\u1ea3ng c\u00e1o: Qu\u00e1 tr\u00ecnh thanh to\u00e1n v\u00e0 t\u1ea3i xu\u1ed1ng file s\u1ebd chuy\u1ec3n h\u01b0\u1edbng t\u1edbi trang <strong>vnafood.com<\/strong>. B\u1ea1n s\u1ebd th\u1ea5y t\u1ea5t c\u1ea3 t\u1eebng quy\u1ec3n s\u00e1ch ri\u00eang l\u1ebb, c\u00e1c s\u1ea3n ph\u1ea9m g\u00f3i t\u1ea3i xu\u1ed1ng v\u00e0 c\u00e1c g\u00f3i m\u00e1y chi\u1ebfu s\u00e1ch l\u1eadt 3D t\u1ea1i trang web <strong><a href=\"https:\/\/vnafood.com\" target=\"_blank\" rel=\"noopener\">vnafood.com<\/a><\/strong>. <em>N\u1ebfu kh\u00f4ng c\u00f3 s\u1ef1 tin t\u01b0\u1edfng, h\u00e3y d\u1eebng t\u1ea1i \u0111\u00e2y!<br \/>\n<\/em><strong>C\u00e1c b\u01b0\u1edbc c\u01a1 b\u1ea3n khi mua s\u1ea3n ph\u1ea9m ri\u00eang l\u1ebb:<\/strong><\/p>\n<p>[su_accordion]<\/p>\n<p>[su_spoiler title=\"Xem tr\u01b0\u1edbc v\u00e0 x\u00e1c nh\u1eadn n\u1ed9i dung..\" open=\"no\" style=\"default\" icon=\"plus\" anchor=\"\" anchor_in_url=\"no\" class=\"\"]<\/p>\n<p>Gh\u00e9 th\u0103m m\u1ed9t trong nh\u1eefng \u0111\u01b0\u1eddng d\u1eabn n\u00e0y, b\u1ea1n s\u1ebd nh\u00ecn\/nghe \u0111\u01b0\u1ee3c n\u1ed9i dung b\u1ea1n c\u1ea7n tr\u01b0\u1edbc khi mua s\u1ea3n ph\u1ea9m. \u0110\u01b0\u1eddng d\u1eabn t\u1ea3i xu\u1ed1ng s\u1ebd \u0111\u01b0\u1ee3c g\u1eedi \u0111\u1ebfn h\u00f2m th\u01b0 c\u1ee7a b\u1ea1n khi ho\u00e0n th\u00e0nh vi\u1ec7c thanh to\u00e1n<\/p>\n<p><a href=\"https:\/\/vnafood.com\/list-of-links\/\" target=\"_blank\" rel=\"nofollow noopener\">B\u1ea3ng th\u1ed1ng k\u00ea s\u1ea3n ph\u1ea9m theo th\u1ee9 t\u1ef1 a-z t\u1ea1i vnafood.com<\/a><\/p>\n<p><a href=\"https:\/\/vnafood.com\/shop\" target=\"_blank\" rel=\"nofollow noopener\">Shop at vnafood.com<\/a> + S\u1eed d\u1ee5ng h\u1ed9p t\u00ecm ki\u1ebfm cho k\u1ebft qu\u1ea3 nhanh h\u01a1n<\/p>\n<p>[\/su_spoiler]<\/p>\n<p>[su_spoiler title=\"Ph\u01b0\u01a1ng th\u1ee9c thanh to\u00e1n t\u1ef1 \u0111\u1ed9ng..\" open=\"no\" style=\"default\" icon=\"plus\" anchor=\"\" anchor_in_url=\"no\" class=\"\"]<\/p>\n<p><img decoding=\"async\" class=\"alignleft size-full wp-image-12830\" src=\"https:\/\/sachtienganhhn.net\/wp-content\/uploads\/2022\/02\/2checkout-50.png\" alt=\"2checkout-50\" width=\"50\" height=\"50\" title=\"\">Thanh to\u00e1n qua c\u1ed5ng <strong><span style=\"color: #3366ff;\">2check<span style=\"color: #339966;\">out<\/span><\/span><\/strong> b\u1eb1ng c\u00e1c lo\u1ea1i th\u1ebb mang th\u01b0\u01a1ng hi\u1ec7u: Visa, Master, American Express, Discover &amp; Diners, Japan Credit Bureau (JCB), China UnionPay (CUP)<\/p>\n<p><img decoding=\"async\" class=\"alignleft size-full wp-image-12826\" src=\"https:\/\/sachtienganhhn.net\/wp-content\/uploads\/2022\/02\/bitcoin-icon.png\" alt=\"bitcoin-icon\" width=\"54\" height=\"24\" title=\"\">Thanh to\u00e1n b\u1eb1ng Bitcoin<\/p>\n<p>Sau khi thanh to\u00e1n ho\u00e0n t\u1ea5t, b\u1ea1n s\u1ebd nh\u1eadn \u0111\u01b0\u1ee3c ho\u1eb7c t\u00ecm th\u1ea5y li\u00ean k\u1ebft t\u1ea3i xu\u1ed1ng theo 3 c\u00e1ch:<br \/>\n(L\u01b0u \u00fd: Qu\u00e1 tr\u00ecnh n\u00e0y l\u00e0 t\u1ea1i web vnafood.com)<br \/>\n- Li\u00ean k\u1ebft \u0111\u01b0\u1ee3c g\u1eedi \u0111\u1ebfn email c\u1ee7a b\u1ea1n - h\u00e3y t\u00ecm trong mail bao g\u1ed3m c\u1ea3 th\u01b0 r\u00e1c (spam box)<br \/>\n- Li\u1ebft k\u1ebft xu\u1ea5t hi\u1ec7n trong m\u1ee5c <a href=\"https:\/\/vnafood.com\/my-account\/downloads\/\" target=\"_blank\" rel=\"noopener\">Download t\u1ea1i trang My account<\/a><br \/>\n- N\u00fat t\u1ea3i xu\u1ed1ng t\u1ea1i ch\u00ednh trang s\u1ea3n ph\u1ea9m ri\u00eang l\u1ebb m\u00e0 b\u1ea1n \u0111\u00e3 mua<\/p>\n<p>[\/su_spoiler]<\/p>\n<p>[su_spoiler title=\"Thanh to\u00e1n th\u1ee7 c\u00f4ng \/ Khuy\u1ebfn m\u00e3i: 'Mua nhi\u1ec1u gi\u1ea3m c\u00e0ng nhi\u1ec1u'..\" open=\"no\" style=\"default\" icon=\"plus\" anchor=\"\" anchor_in_url=\"no\" class=\"\"]<\/p>\n<p>Thanh to\u00e1n th\u1ee7 c\u00f4ng ch\u1ec9 \u00e1p d\u1ee5ng v\u1edbi \u0111\u01a1n mua t\u1eeb 5 s\u1ea3n ph\u1ea9m ri\u00eang l\u1ebb tr\u1edf l\u00ean: B\u1ea1n ch\u1ecdn m\u1ee5c v\u00e0 th\u00eam v\u00e0o gi\u1ecf h\u00e0ng, \u0111i\u1ec1n v\u00e0o c\u00e1c tr\u01b0\u1eddng d\u1eef li\u1ec7u r\u1ed3i ch\u1ecdn <strong>Payoneer payment<\/strong> v\u00e0 l\u00e0m theo h\u01b0\u1edbng d\u1eabn. <em>H\u00e3y nh\u1eadp PayPal v\u00e0o ghi ch\u00fa \u0111\u01a1n n\u1ebfu mu\u1ed1n chuy\u1ec3n ti\u1ec1n qua PayPal, ch\u00fang t\u00f4i s\u1ebd th\u00f4ng tin t\u00e0i kho\u1ea3n PayPal nh\u1eadn ti\u1ec1n cho b\u1ea1n <\/em>(rich*****09@gmail.com)<\/p>\n<p>Khi \u0111\u01a1n h\u00e0ng g\u1ed3m nhi\u1ec1u m\u1ee5c, ch\u00ednh s\u00e1ch <strong>mua nhi\u1ec1u gi\u1ea3m c\u00e0ng nhi\u1ec1u<\/strong> s\u1ebd t\u1ef1 \u0111\u1ed9ng \u0111\u01b0\u1ee3c \u00e1p d\u1ee5ng Mua <span style=\"color: #666699;\"><strong>3-4<\/strong><\/span> s\u1ea3n ph\u1ea9m, nh\u1eadn ngay <span style=\"color: #666699;\"><strong>20%<\/strong><\/span> gi\u1ea3m, mua <strong><span style=\"color: #0000ff;\">5-6<\/span><\/strong> nh\u1eadn ngay <span style=\"color: #0000ff;\"><strong>25%<\/strong><\/span> gi\u1ea3m, mua <strong><span style=\"color: #808000;\">7-8<\/span><\/strong> nh\u1eadn ngay <span style=\"color: #808000;\"><strong>28%<\/strong><\/span> gi\u1ea3m, mua <strong><span style=\"color: #008000;\">9 tr\u1edf l\u00ean<\/span><\/strong> nh\u1eadn ngay <span style=\"color: #008000;\"><strong>30%<\/strong><\/span> gi\u1ea3m<br \/>\nB\u1ea1n s\u1ebd th\u1ea5y th\u00f4ng b\u00e1o t\u1ea1i trang shop, trang gi\u1ecf h\u00e0ng v\u00e0 trang thanh to\u00e1n (t\u1ea1i vnafood.com)<\/p>\n<p>[\/su_spoiler]<\/p>\n<p>[\/su_accordion]<\/p>\n<p>C\u00e1c l\u1ef1a ch\u1ecdn kh\u00e1c:<\/p>\n<p>D\u1ecbch v\u1ee5 <a href=\"https:\/\/sachtienganhhn.net\/vi\/su-dung-sach-in-mau\">cung c\u1ea5p s\u00e1ch in m\u00e0u<\/a> theo \u0111\u1eb7t h\u00e0ng cho c\u00e1c l\u1edbp h\u1ecdc, trung t\u00e2m v\u1edbi ch\u1ea5t l\u01b0\u1ee3ng t\u1ed1t v\u00e0 gi\u00e1 th\u00e0nh h\u1ee3p l\u00fd nh\u1ea5t. S\u00e1ch \u0111\u01b0\u1ee3c ho\u00e0n thi\u1ec7n g\u1ea7n nh\u01b0 b\u1ea3n g\u1ed1c<\/p>\n<p>Ch\u1ee9c n\u0103ng\u00a0<a href=\"https:\/\/sachtienganhhn.net\/vi\/cac-goi-may-chieu-sach-lat-hieu-ung-3d\">M\u00e1y chi\u1ebfu tr\u00ecnh di\u1ec5n<\/a>\u00a0n\u1ed9i dung t\u1ea5t c\u1ea3 c\u00e1c n\u1ed9i dung s\u00e1ch pdf v\u1edbi hi\u1ec7u \u1ee9ng 3D<\/p>\n","protected":false},"excerpt":{"rendered":"<p>\u0110\u1ec3 tr\u00e1nh \u1ea3nh h\u01b0\u1edfng b\u1edfi qu\u1ea3ng c\u00e1o: Qu\u00e1 tr\u00ecnh thanh to\u00e1n v\u00e0 t\u1ea3i xu\u1ed1ng file s\u1ebd chuy\u1ec3n h\u01b0\u1edbng t\u1edbi trang vnafood.com. B\u1ea1n s\u1ebd th\u1ea5y t\u1ea5t c\u1ea3 t\u1eebng quy\u1ec3n s\u00e1ch ri\u00eang l\u1ebb, c\u00e1c s\u1ea3n ph\u1ea9m g\u00f3i t\u1ea3i xu\u1ed1ng v\u00e0 c\u00e1c g\u00f3i m\u00e1y chi\u1ebfu s\u00e1ch l\u1eadt 3D t\u1ea1i trang web vnafood.com. N\u1ebfu kh\u00f4ng c\u00f3 s\u1ef1 tin t\u01b0\u1edfng,&#8230;<\/p>\n","protected":false},"author":1,"featured_media":0,"parent":0,"menu_order":0,"comment_status":"closed","ping_status":"closed","template":"","meta":{"_kad_blocks_custom_css":"","_kad_blocks_head_custom_js":"","_kad_blocks_body_custom_js":"","_kad_blocks_footer_custom_js":"","_kad_post_transparent":"","_kad_post_title":"","_kad_post_layout":"","_kad_post_sidebar_id":"","_kad_post_content_style":"","_kad_post_vertical_padding":"","_kad_post_feature":"","_kad_post_feature_position":"","_kad_post_header":false,"_kad_post_footer":false,"_kad_post_classname":"","footnotes":""},"class_list":["post-16797","page","type-page","status-publish","hentry"],"taxonomy_info":[],"featured_image_src_large":false,"author_info":{"display_name":"76nlonghung","author_link":"https:\/\/sachtienganhhn.net\/vi\/author\/nlonghung"},"comment_info":0,"_links":{"self":[{"href":"https:\/\/sachtienganhhn.net\/vi\/wp-json\/wp\/v2\/pages\/16797","targetHints":{"allow":["GET"]}}],"collection":[{"href":"https:\/\/sachtienganhhn.net\/vi\/wp-json\/wp\/v2\/pages"}],"about":[{"href":"https:\/\/sachtienganhhn.net\/vi\/wp-json\/wp\/v2\/types\/page"}],"author":[{"embeddable":true,"href":"https:\/\/sachtienganhhn.net\/vi\/wp-json\/wp\/v2\/users\/1"}],"replies":[{"embeddable":true,"href":"https:\/\/sachtienganhhn.net\/vi\/wp-json\/wp\/v2\/comments?post=16797"}],"version-history":[{"count":0,"href":"https:\/\/sachtienganhhn.net\/vi\/wp-json\/wp\/v2\/pages\/16797\/revisions"}],"wp:attachment":[{"href":"https:\/\/sachtienganhhn.net\/vi\/wp-json\/wp\/v2\/media?parent=16797"}],"curies":[{"name":"wp","href":"https:\/\/api.w.org\/{rel}","templated":true}]}}